{"id":1701,"date":"2016-11-14T09:54:39","date_gmt":"2016-11-14T09:54:39","guid":{"rendered":"https:\/\/www.idestechnique.ro\/?page_id=1701"},"modified":"2022-03-30T17:42:17","modified_gmt":"2022-03-30T14:42:17","slug":"home","status":"publish","type":"page","link":"https:\/\/www.ides-electric.ro\/ro\/","title":{"rendered":"Home"},"content":{"rendered":"<p><section class=\"fw-main-row  section-bg-image-parallax\">\n\t<span class=\"bg-image-overlay\" style=\"\"><\/span>\n\t<div class=\"fw-container unyson_content\">\n\t\t\t\t<div class=\"container has-container\">\n\t\t\t\t<div class=\"fw-row\">\n\t<div class=\"fw-col-xs-12   \">\n\t\n\n\t<div class=\"fw-divider-space space-30x\"><\/div>\n<\/div>\n<\/div>\n\n<div class=\"fw-row\">\n\t<div class=\"fw-col-xs-12 fw-col-sm-6   \">\n\t<span class=\"unyson-media-image fw-img-alternate\"><a href=\"https:\/\/www.ides-electric.ro\/despre-noi\/\" target=\"_self\"><img loading=\"lazy\" decoding=\"async\" src=\"https:\/\/www.ides-electric.ro\/wp-content\/uploads\/2018\/09\/cablaj1-500x350.jpg\" alt=\"https:\/\/www.ides-electric.ro\/wp-content\/uploads\/2018\/09\/cablaj1-500x350.jpg\" width=\"500\" height=\"350\" \/><\/a><\/span><\/div>\n<div class=\"fw-col-lg-6 fw-col-md-12 fw-col-sm-12   \">\n\t<div class=\"fw-heading fw-heading-h3 fw-heading-center   fw-heading-alternate \">\n\t\t\t<h3 style='font-weight:;color:' class='fw-special-title accent-color'><span>CINE SUNTEM<\/span><\/h3>\t<\/div><p>Firma este specializat\u0103 \u00een realizarea \u0219i \u00eentre\u021binerea instala\u021biilor electrice, proceselor automatizate \u0219i furnizarea de solu\u021bii de ultim\u0103 or\u0103. Realiz\u0103m instala\u021bii electrice industriale pentru orice tipologie de industrie, diversific\u00e2nd oferta \u00een baza sectorului de produc\u021bie al clientului \u0219i a exigen\u021belor acestuia.<\/p>\n\n\t<div class=\"fw-divider-space space-05x\"><\/div>\n<a href=\"https:\/\/www.ides-electric.ro\/despre-noi\/\" target=\"_self\" class=\"fw-btn fw-btn-1 \">\n\t<span>Mai multe<\/span>\n<\/a>\n<\/div>\n<\/div>\n\n\t\t\t\t<\/div>\n\t\t\t<\/div>\n<\/section>\n<section class=\"fw-main-row \">\n\t<span class=\"bg-image-overlay\" style=\"\"><\/span>\n\t<div class=\"fw-container unyson_content\">\n\t\t\t\t<div class=\"container\">\n\t\t\t\t<div class=\"fw-row\">\n\t<div class=\"fw-col-xs-12   \">\n\t\n\n\t<div class=\"fw-divider-space space-30x\"><\/div>\n<\/div>\n<\/div>\n\n<div class=\"fw-row\">\n\t<div class=\"fw-col-xs-12   \">\n\t<div class=\"fw-heading fw-heading-h3 fw-heading-center   fw-heading-alternate \">\n\t\t\t<h3 style='font-weight:;color:' class='fw-special-title accent-color'><span>CE FACEM<\/span><\/h3>\t<\/div><\/div>\n<\/div>\n\n<div class=\"fw-row\">\n\t<div class=\"fw-col-xs-12   \">\n\t\n\n\t<div class=\"fw-divider-space space-10x\"><\/div>\n<\/div>\n<\/div>\n\n<div class=\"fw-row\">\n\t<div class=\"fw-col-xs-12   \">\n\t<div class=\"shortcode-widget-area\">\t\t\t<aside id=\"services-row-2\" class=\"col-md-12 col-sm-12 widget widget_services_row\">\t\t\t\n\t\t\t\n\t\t\t<div class=\"services-row type1\">\n\t\t\t\t<ul id=\"services-list\" class=\"services-list services-list--items-99\">\n\t\t\t\t\t\n\t\t\t\t\t\t\n\n\t\t\t\t\t\t<li class=\"col-sm-12 col-md-6 \">\n\t\t\t\t\t\t\t<div class=\"services-item\"\n\t\t\t\t\t\t\t     style=\"background-image: url(https:\/\/www.ides-electric.ro\/wp-content\/uploads\/2018\/09\/instalatii-electrice-768x512.jpg)\">\n\t\t\t\t\t\t\t\t<div class=\"services-item--wrapper\">\n\t\t\t\t\t\t\t\t\t<div class=\"services-item--image\">\n\t\t\t\t\t\t\t\t\t\t                                            <a href=\"https:\/\/www.ides-electric.ro\/ro\/servicii\/instalatii-electrice\/\">\n                                                <i class=\"services-item--icon flaticon-plug\"><\/i>\n                                            <\/a>\n\t\t\t\t\t\t\t\t\t\t\n\t\t\t\t\t\t\t\t\t\t\t\t\t\t\t\t\t\t\t<\/div>\n\t\t\t\t\t\t\t\t\t<div class=\"services-item--inner\">\n\t\t\t\t\t\t\t\t\t\t<h3 class=\"services-item--title\"><a href=\"https:\/\/www.ides-electric.ro\/ro\/servicii\/instalatii-electrice\/\">Instalatii electrice<\/a><\/h3>\n\t\t\t\t\t\t\t\t\t\t\t\t\t\t\t\t\t\t\t\t<div class=\"services-item--text\">\n\t\t\t\t\t\t\t\t\t\t\t\t\t\t\t\t\t\t\t\t\t\t\tCu o experien\u021b\u0103 bogat\u0103 \u0219i o echip\u0103 de profesioni\u0219ti \u00een domeniul instala\u021biilor electrice, avem capacitatea de a executa o gama foarte variat\u0103 de lucr\u0103ri de instala\u021bii electrice, at\u00e2t pentru domeniul reziden\u021bial, comercial \u0219i industrial.\t\t\t\t\t\t\t\t\t\t\t\t\t\t\t\t\t\t\t\t\t<\/div>\n\n\t\t\t\t\t\t\t\t\t\t<div class=\"services-item--readmore\">\n\t\t\t\t\t\t\t\t\t\t\t<a href=\"https:\/\/www.ides-electric.ro\/ro\/servicii\/instalatii-electrice\/\" class=\"button\">Mai multe<\/a>\n\t\t\t\t\t\t\t\t\t\t<\/div>\n\n\t\t\t\t\t\t\t\t\t<\/div>\n\t\t\t\t\t\t\t\t<\/div>\n\t\t\t\t\t\t\t<\/div>\n\t\t\t\t\t\t<\/li>\n\n\n\n\n\t\t\t\t\t\n\t\t\t\t\t\t\n\n\t\t\t\t\t\t<li class=\"col-sm-12 col-md-6 \">\n\t\t\t\t\t\t\t<div class=\"services-item\"\n\t\t\t\t\t\t\t     style=\"background-image: url(https:\/\/www.ides-electric.ro\/wp-content\/uploads\/2018\/09\/incercari-electrice-768x512.jpg)\">\n\t\t\t\t\t\t\t\t<div class=\"services-item--wrapper\">\n\t\t\t\t\t\t\t\t\t<div class=\"services-item--image\">\n\t\t\t\t\t\t\t\t\t\t                                            <a href=\"https:\/\/www.ides-electric.ro\/ro\/servicii\/incercari-electrice\/\">\n                                                <i class=\"services-item--icon flaticon-ammeter\"><\/i>\n                                            <\/a>\n\t\t\t\t\t\t\t\t\t\t\n\t\t\t\t\t\t\t\t\t\t\t\t\t\t\t\t\t\t\t<\/div>\n\t\t\t\t\t\t\t\t\t<div class=\"services-item--inner\">\n\t\t\t\t\t\t\t\t\t\t<h3 class=\"services-item--title\"><a href=\"https:\/\/www.ides-electric.ro\/ro\/servicii\/incercari-electrice\/\">Incercari electrice<\/a><\/h3>\n\t\t\t\t\t\t\t\t\t\t\t\t\t\t\t\t\t\t\t\t<div class=\"services-item--text\">\n\t\t\t\t\t\t\t\t\t\t\t\t\t\t\t\t\t\t\t\t\t\t\t\u00cen baza dot\u0103rilor existente \u0219i a personalului autorizat ANRE \u0219i ISC, putem executa verific\u0103ri \u0219i \u00eencerc\u0103ri ale instala\u021biilor, sistemelor \u0219i echipamentelor electrice.\t\t\t\t\t\t\t\t\t\t\t\t\t\t\t\t\t\t\t\t\t<\/div>\n\n\t\t\t\t\t\t\t\t\t\t<div class=\"services-item--readmore\">\n\t\t\t\t\t\t\t\t\t\t\t<a href=\"https:\/\/www.ides-electric.ro\/ro\/servicii\/incercari-electrice\/\" class=\"button\">Mai multe<\/a>\n\t\t\t\t\t\t\t\t\t\t<\/div>\n\n\t\t\t\t\t\t\t\t\t<\/div>\n\t\t\t\t\t\t\t\t<\/div>\n\t\t\t\t\t\t\t<\/div>\n\t\t\t\t\t\t<\/li>\n\n\n\n\n\t\t\t\t\t\n\t\t\t\t\t\t\n\n\t\t\t\t\t\t<li class=\"col-sm-12 col-md-6 \">\n\t\t\t\t\t\t\t<div class=\"services-item\"\n\t\t\t\t\t\t\t     style=\"background-image: url(https:\/\/www.ides-electric.ro\/wp-content\/uploads\/2019\/07\/sisteme-de-detectie-si-avertizare-in-caz-de-incendiu-768x512.jpg)\">\n\t\t\t\t\t\t\t\t<div class=\"services-item--wrapper\">\n\t\t\t\t\t\t\t\t\t<div class=\"services-item--image\">\n\t\t\t\t\t\t\t\t\t\t                                            <a href=\"https:\/\/www.ides-electric.ro\/ro\/servicii\/sisteme-de-detectie-si-alarmare-la-incendiu\/\">\n                                                <i class=\"services-item--icon flaticon-helmet\"><\/i>\n                                            <\/a>\n\t\t\t\t\t\t\t\t\t\t\n\t\t\t\t\t\t\t\t\t\t\t\t\t\t\t\t\t\t\t<\/div>\n\t\t\t\t\t\t\t\t\t<div class=\"services-item--inner\">\n\t\t\t\t\t\t\t\t\t\t<h3 class=\"services-item--title\"><a href=\"https:\/\/www.ides-electric.ro\/ro\/servicii\/sisteme-de-detectie-si-alarmare-la-incendiu\/\">Sisteme de detec\u021bie incendiu<\/a><\/h3>\n\t\t\t\t\t\t\t\t\t\t\t\t\t\t\t\t\t\t\t\t<div class=\"services-item--text\">\n\t\t\t\t\t\t\t\t\t\t\t\t\t\t\t\t\t\t\t\t\t\t\tiDES Electric de\u0163ine toate certific\u0103rile necesare pentru instalarea \u015fi \u00eentre\u0163inerea sistemelor \u015fi instala\u0163iilor de semnalizare, alarmare \u015fi alertare \u00een caz de incendiu. Solutiile noastre se bazeaz\u0103 pe echipamente de ultim\u0103 genera\u021bie.\t\t\t\t\t\t\t\t\t\t\t\t\t\t\t\t\t\t\t\t\t<\/div>\n\n\t\t\t\t\t\t\t\t\t\t<div class=\"services-item--readmore\">\n\t\t\t\t\t\t\t\t\t\t\t<a href=\"https:\/\/www.ides-electric.ro\/ro\/servicii\/sisteme-de-detectie-si-alarmare-la-incendiu\/\" class=\"button\">Mai multe<\/a>\n\t\t\t\t\t\t\t\t\t\t<\/div>\n\n\t\t\t\t\t\t\t\t\t<\/div>\n\t\t\t\t\t\t\t\t<\/div>\n\t\t\t\t\t\t\t<\/div>\n\t\t\t\t\t\t<\/li>\n\n\n\n\n\t\t\t\t\t\n\t\t\t\t\t\t\n\n\t\t\t\t\t\t<li class=\"col-sm-12 col-md-6 \">\n\t\t\t\t\t\t\t<div class=\"services-item\"\n\t\t\t\t\t\t\t     style=\"background-image: url(https:\/\/www.ides-electric.ro\/wp-content\/uploads\/2019\/07\/video-surveillance-trends-min-768x512.jpg)\">\n\t\t\t\t\t\t\t\t<div class=\"services-item--wrapper\">\n\t\t\t\t\t\t\t\t\t<div class=\"services-item--image\">\n\t\t\t\t\t\t\t\t\t\t                                            <a href=\"https:\/\/www.ides-electric.ro\/ro\/servicii\/supraveghere-video\/\">\n                                                <i class=\"services-item--icon flaticon-photo-camera\"><\/i>\n                                            <\/a>\n\t\t\t\t\t\t\t\t\t\t\n\t\t\t\t\t\t\t\t\t\t\t\t\t\t\t\t\t\t\t<\/div>\n\t\t\t\t\t\t\t\t\t<div class=\"services-item--inner\">\n\t\t\t\t\t\t\t\t\t\t<h3 class=\"services-item--title\"><a href=\"https:\/\/www.ides-electric.ro\/ro\/servicii\/supraveghere-video\/\">SUPRAVEGHERE VIDEO<\/a><\/h3>\n\t\t\t\t\t\t\t\t\t\t\t\t\t\t\t\t\t\t\t\t<div class=\"services-item--text\">\n\t\t\t\t\t\t\t\t\t\t\t\t\t\t\t\t\t\t\t\t\t\t\tComponent\u0103 important\u0103 \u00een cadrul sistemelor integrate de securitate, supravegherea video permite monitorizarea \u00een timp real a persoanelor sau a evenimentelor la nivelul perimetrului, a c\u0103ilor \u015fi zonelor de acces.\t\t\t\t\t\t\t\t\t\t\t\t\t\t\t\t\t\t\t\t\t<\/div>\n\n\t\t\t\t\t\t\t\t\t\t<div class=\"services-item--readmore\">\n\t\t\t\t\t\t\t\t\t\t\t<a href=\"https:\/\/www.ides-electric.ro\/ro\/servicii\/supraveghere-video\/\" class=\"button\">Mai multe<\/a>\n\t\t\t\t\t\t\t\t\t\t<\/div>\n\n\t\t\t\t\t\t\t\t\t<\/div>\n\t\t\t\t\t\t\t\t<\/div>\n\t\t\t\t\t\t\t<\/div>\n\t\t\t\t\t\t<\/li>\n\n\n\n\n\t\t\t\t\t\n\t\t\t\t\t\t\n\n\t\t\t\t\t\t<li class=\"col-sm-12 col-md-6 \">\n\t\t\t\t\t\t\t<div class=\"services-item\"\n\t\t\t\t\t\t\t     style=\"background-image: url(https:\/\/www.ides-electric.ro\/wp-content\/uploads\/2019\/07\/Efractie-768x512.jpg)\">\n\t\t\t\t\t\t\t\t<div class=\"services-item--wrapper\">\n\t\t\t\t\t\t\t\t\t<div class=\"services-item--image\">\n\t\t\t\t\t\t\t\t\t\t                                            <a href=\"https:\/\/www.ides-electric.ro\/ro\/servicii\/efractie-si-supraveghere-video\/\">\n                                                <i class=\"services-item--icon flaticon-padlock\"><\/i>\n                                            <\/a>\n\t\t\t\t\t\t\t\t\t\t\n\t\t\t\t\t\t\t\t\t\t\t\t\t\t\t\t\t\t\t<\/div>\n\t\t\t\t\t\t\t\t\t<div class=\"services-item--inner\">\n\t\t\t\t\t\t\t\t\t\t<h3 class=\"services-item--title\"><a href=\"https:\/\/www.ides-electric.ro\/ro\/servicii\/efractie-si-supraveghere-video\/\">Sistemele de detec\u021bie efrac\u021bie \u0219i alarmare<\/a><\/h3>\n\t\t\t\t\t\t\t\t\t\t\t\t\t\t\t\t\t\t\t\t<div class=\"services-item--text\">\n\t\t\t\t\t\t\t\t\t\t\t\t\t\t\t\t\t\t\t\t\t\t\tSistemul antiefractie reprezinta un ansamblu de dispozitive ce functioneaza in timp real, cu rolul de a proteja un anumit spatiu impotriva persoanelor neautorizate, alarmarea acustica si\/sau vizuala dar si notificarea unui centru de monitorizare.\t\t\t\t\t\t\t\t\t\t\t\t\t\t\t\t\t\t\t\t\t<\/div>\n\n\t\t\t\t\t\t\t\t\t\t<div class=\"services-item--readmore\">\n\t\t\t\t\t\t\t\t\t\t\t<a href=\"https:\/\/www.ides-electric.ro\/ro\/servicii\/efractie-si-supraveghere-video\/\" class=\"button\">Mai multe<\/a>\n\t\t\t\t\t\t\t\t\t\t<\/div>\n\n\t\t\t\t\t\t\t\t\t<\/div>\n\t\t\t\t\t\t\t\t<\/div>\n\t\t\t\t\t\t\t<\/div>\n\t\t\t\t\t\t<\/li>\n\n\n\n\n\t\t\t\t\t\n\t\t\t\t\t\t\n\n\t\t\t\t\t\t<li class=\"col-sm-12 col-md-6 \">\n\t\t\t\t\t\t\t<div class=\"services-item\"\n\t\t\t\t\t\t\t     style=\"background-image: url(https:\/\/www.ides-electric.ro\/wp-content\/uploads\/2019\/08\/control-acces-feature-image-768x512.jpg)\">\n\t\t\t\t\t\t\t\t<div class=\"services-item--wrapper\">\n\t\t\t\t\t\t\t\t\t<div class=\"services-item--image\">\n\t\t\t\t\t\t\t\t\t\t                                            <a href=\"https:\/\/www.ides-electric.ro\/ro\/servicii\/control-acces-si-pontaj\/\">\n                                                <i class=\"services-item--icon flaticon-arrows-7\"><\/i>\n                                            <\/a>\n\t\t\t\t\t\t\t\t\t\t\n\t\t\t\t\t\t\t\t\t\t\t\t\t\t\t\t\t\t\t<\/div>\n\t\t\t\t\t\t\t\t\t<div class=\"services-item--inner\">\n\t\t\t\t\t\t\t\t\t\t<h3 class=\"services-item--title\"><a href=\"https:\/\/www.ides-electric.ro\/ro\/servicii\/control-acces-si-pontaj\/\">Control acces \u0219i Pontaj<\/a><\/h3>\n\t\t\t\t\t\t\t\t\t\t\t\t\t\t\t\t\t\t\t\t<div class=\"services-item--text\">\n\t\t\t\t\t\t\t\t\t\t\t\t\t\t\t\t\t\t\t\t\t\t\tOferim sisteme de control acces pentru securizarea accesului \u00een companii, institu\u0163ii, zone industriale, obiective strategice \u0219i variate solu\u021bii de pontaj , integrate sau nu cu sistemele de control acces, pentru eviden\u021ba timpului de lucru al anagaja\u021bilor.\t\t\t\t\t\t\t\t\t\t\t\t\t\t\t\t\t\t\t\t\t<\/div>\n\n\t\t\t\t\t\t\t\t\t\t<div class=\"services-item--readmore\">\n\t\t\t\t\t\t\t\t\t\t\t<a href=\"https:\/\/www.ides-electric.ro\/ro\/servicii\/control-acces-si-pontaj\/\" class=\"button\">Mai multe<\/a>\n\t\t\t\t\t\t\t\t\t\t<\/div>\n\n\t\t\t\t\t\t\t\t\t<\/div>\n\t\t\t\t\t\t\t\t<\/div>\n\t\t\t\t\t\t\t<\/div>\n\t\t\t\t\t\t<\/li>\n\n\n\n\n\t\t\t\t\t\n\t\t\t\t\t\t\n\n\t\t\t\t\t\t<li class=\"col-sm-12 col-md-6 \">\n\t\t\t\t\t\t\t<div class=\"services-item\"\n\t\t\t\t\t\t\t     style=\"background-image: url(https:\/\/www.ides-electric.ro\/wp-content\/uploads\/2019\/08\/New_Spicifier_software-768x512.jpg)\">\n\t\t\t\t\t\t\t\t<div class=\"services-item--wrapper\">\n\t\t\t\t\t\t\t\t\t<div class=\"services-item--image\">\n\t\t\t\t\t\t\t\t\t\t                                            <a href=\"https:\/\/www.ides-electric.ro\/ro\/servicii\/sisteme-de-sonorizare\/\">\n                                                <i class=\"services-item--icon flaticon-technology-3\"><\/i>\n                                            <\/a>\n\t\t\t\t\t\t\t\t\t\t\n\t\t\t\t\t\t\t\t\t\t\t\t\t\t\t\t\t\t\t<\/div>\n\t\t\t\t\t\t\t\t\t<div class=\"services-item--inner\">\n\t\t\t\t\t\t\t\t\t\t<h3 class=\"services-item--title\"><a href=\"https:\/\/www.ides-electric.ro\/ro\/servicii\/sisteme-de-sonorizare\/\">Sisteme de sonorizare<\/a><\/h3>\n\t\t\t\t\t\t\t\t\t\t\t\t\t\t\t\t\t\t\t\t<div class=\"services-item--text\">\n\t\t\t\t\t\t\t\t\t\t\t\t\t\t\t\t\t\t\t\t\t\t\tCompania dispune de o experien\u0163\u0103 vast\u0103 \u00een domeniul audio, dar \u015fi de creativitate \u00een personalizarea unei game variate de proiecte audio.\t\t\t\t\t\t\t\t\t\t\t\t\t\t\t\t\t\t\t\t\t<\/div>\n\n\t\t\t\t\t\t\t\t\t\t<div class=\"services-item--readmore\">\n\t\t\t\t\t\t\t\t\t\t\t<a href=\"https:\/\/www.ides-electric.ro\/ro\/servicii\/sisteme-de-sonorizare\/\" class=\"button\">Mai multe<\/a>\n\t\t\t\t\t\t\t\t\t\t<\/div>\n\n\t\t\t\t\t\t\t\t\t<\/div>\n\t\t\t\t\t\t\t\t<\/div>\n\t\t\t\t\t\t\t<\/div>\n\t\t\t\t\t\t<\/li>\n\n\n\n\n\t\t\t\t\t\n\t\t\t\t\t\t\n\n\t\t\t\t\t\t<li class=\"col-sm-12 col-md-6 \">\n\t\t\t\t\t\t\t<div class=\"services-item\"\n\t\t\t\t\t\t\t     style=\"background-image: url(https:\/\/www.ides-electric.ro\/wp-content\/themes\/energy\/framework-customizations\/extensions\/services\/static\/img\/no-photo.jpg)\">\n\t\t\t\t\t\t\t\t<div class=\"services-item--wrapper\">\n\t\t\t\t\t\t\t\t\t<div class=\"services-item--image\">\n\t\t\t\t\t\t\t\t\t\t                                            <a href=\"https:\/\/www.ides-electric.ro\/ro\/servicii\/grupuri-electrogene-si-ups-uri\/\">\n                                                <i class=\"services-item--icon flaticon-battery\"><\/i>\n                                            <\/a>\n\t\t\t\t\t\t\t\t\t\t\n\t\t\t\t\t\t\t\t\t\t\t\t\t\t\t\t\t\t\t<\/div>\n\t\t\t\t\t\t\t\t\t<div class=\"services-item--inner\">\n\t\t\t\t\t\t\t\t\t\t<h3 class=\"services-item--title\"><a href=\"https:\/\/www.ides-electric.ro\/ro\/servicii\/grupuri-electrogene-si-ups-uri\/\">Grupuri electrogene \u0219i UPS-uri<\/a><\/h3>\n\t\t\t\t\t\t\t\t\t\t\t\t\t\t\t\t\t\t\t\t<div class=\"services-item--text\">\n\t\t\t\t\t\t\t\t\t\t\t\t\t\t\t\t\t\t\t\t\t<\/div>\n\n\t\t\t\t\t\t\t\t\t\t<div class=\"services-item--readmore\">\n\t\t\t\t\t\t\t\t\t\t\t<a href=\"https:\/\/www.ides-electric.ro\/ro\/servicii\/grupuri-electrogene-si-ups-uri\/\" class=\"button\">Mai multe<\/a>\n\t\t\t\t\t\t\t\t\t\t<\/div>\n\n\t\t\t\t\t\t\t\t\t<\/div>\n\t\t\t\t\t\t\t\t<\/div>\n\t\t\t\t\t\t\t<\/div>\n\t\t\t\t\t\t<\/li>\n\n\n\n\n\t\t\t\t\t\n\t\t\t\t\t\t\n\n\t\t\t\t\t\t<li class=\"col-sm-12 col-md-6 \">\n\t\t\t\t\t\t\t<div class=\"services-item\"\n\t\t\t\t\t\t\t     style=\"background-image: url(https:\/\/www.ides-electric.ro\/wp-content\/uploads\/2018\/09\/tablou-prezentare-768x512.jpg)\">\n\t\t\t\t\t\t\t\t<div class=\"services-item--wrapper\">\n\t\t\t\t\t\t\t\t\t<div class=\"services-item--image\">\n\t\t\t\t\t\t\t\t\t\t                                            <a href=\"https:\/\/www.ides-electric.ro\/ro\/servicii\/echipamente-electrice\/\">\n                                                <i class=\"services-item--icon flaticon-gas-station\"><\/i>\n                                            <\/a>\n\t\t\t\t\t\t\t\t\t\t\n\t\t\t\t\t\t\t\t\t\t\t\t\t\t\t\t\t\t\t<\/div>\n\t\t\t\t\t\t\t\t\t<div class=\"services-item--inner\">\n\t\t\t\t\t\t\t\t\t\t<h3 class=\"services-item--title\"><a href=\"https:\/\/www.ides-electric.ro\/ro\/servicii\/echipamente-electrice\/\">Echipamente electrice<\/a><\/h3>\n\t\t\t\t\t\t\t\t\t\t\t\t\t\t\t\t\t\t\t\t<div class=\"services-item--text\">\n\t\t\t\t\t\t\t\t\t\t\t\t\t\t\t\t\t\t\t\t\t\t\tiDES ELECTRIC sus\u021bine procesele industriale oferind solu\u021bii de proiectare \u0219i uzinare a tablourilor electrice.\t\t\t\t\t\t\t\t\t\t\t\t\t\t\t\t\t\t\t\t\t<\/div>\n\n\t\t\t\t\t\t\t\t\t\t<div class=\"services-item--readmore\">\n\t\t\t\t\t\t\t\t\t\t\t<a href=\"https:\/\/www.ides-electric.ro\/ro\/servicii\/echipamente-electrice\/\" class=\"button\">Mai multe<\/a>\n\t\t\t\t\t\t\t\t\t\t<\/div>\n\n\t\t\t\t\t\t\t\t\t<\/div>\n\t\t\t\t\t\t\t\t<\/div>\n\t\t\t\t\t\t\t<\/div>\n\t\t\t\t\t\t<\/li>\n\n\n\n\n\t\t\t\t\t\t\t\t\t\t<li class=\"clear\"><\/li>\n\t\t\t\t<\/ul>\n\t\t\t<\/div>\n\t\t\t\n\n\n\t\t\t\n\t\t\t<\/aside>\t\t\t<\/div>\n<\/div>\n<\/div>\n\n<div class=\"fw-row\">\n\t<div class=\"fw-col-xs-12   \">\n\t\n\n\t<div class=\"fw-divider-space space-30x\"><\/div>\n<\/div>\n<\/div>\n\n\t\t\t\t<\/div>\n\t\t\t<\/div>\n<\/section>\n<\/p>\n","protected":false},"excerpt":{"rendered":"<p>WHAT WE OFFER WE OFFER DIFFERENT SERVICES Lorem ipsum dolor sit amet, consectetur adipiscing elit. Praesent dapibus erat in tincidunt consequat. Phasellus sit amet convallis turpis, molestie nunc. Nulla facilisi. Vestibulum aliquam convallis ligula. Commercial equipment Lorem ipsum dolor sit amet, consectetur adipiscing elit. Morbi tincidunt commodo mi. Pellentesque vitae bibendum urna. Mauris at condimentum&hellip;<\/p>\n","protected":false},"author":1,"featured_media":0,"parent":0,"menu_order":0,"comment_status":"closed","ping_status":"closed","template":"brizy-blank-template.php","meta":{"footnotes":""},"class_list":["post-1701","page","type-page","status-publish","hentry"],"_links":{"self":[{"href":"https:\/\/www.ides-electric.ro\/ro\/wp-json\/wp\/v2\/pages\/1701","targetHints":{"allow":["GET"]}}],"collection":[{"href":"https:\/\/www.ides-electric.ro\/ro\/wp-json\/wp\/v2\/pages"}],"about":[{"href":"https:\/\/www.ides-electric.ro\/ro\/wp-json\/wp\/v2\/types\/page"}],"author":[{"embeddable":true,"href":"https:\/\/www.ides-electric.ro\/ro\/wp-json\/wp\/v2\/users\/1"}],"replies":[{"embeddable":true,"href":"https:\/\/www.ides-electric.ro\/ro\/wp-json\/wp\/v2\/comments?post=1701"}],"version-history":[{"count":45,"href":"https:\/\/www.ides-electric.ro\/ro\/wp-json\/wp\/v2\/pages\/1701\/revisions"}],"predecessor-version":[{"id":3409,"href":"https:\/\/www.ides-electric.ro\/ro\/wp-json\/wp\/v2\/pages\/1701\/revisions\/3409"}],"wp:attachment":[{"href":"https:\/\/www.ides-electric.ro\/ro\/wp-json\/wp\/v2\/media?parent=1701"}],"curies":[{"name":"wp","href":"https:\/\/api.w.org\/{rel}","templated":true}]}}