{"id":4269,"date":"2022-03-19T19:50:09","date_gmt":"2022-03-19T16:50:09","guid":{"rendered":"https:\/\/www.ides-electric.ro\/?page_id=4269"},"modified":"2022-03-19T20:32:27","modified_gmt":"2022-03-19T17:32:27","slug":"cariere","status":"publish","type":"page","link":"https:\/\/www.ides-electric.ro\/ro\/cariere\/","title":{"rendered":"Cariere"},"content":{"rendered":"<section class=\"fw-main-row \">\n\t<span class=\"bg-image-overlay\" style=\"\"><\/span>\n\t<div class=\"fw-container unyson_content\">\n\t\t\t\t<div class=\"container\">\n\t\t\t\t<div class=\"fw-row\">\n\t<div class=\"fw-col-xs-12   \">\n\t\n\t<div class=\"fw-divider-space\" style=\"margin-top: 50px;\"><\/div>\n\n<\/div>\n<\/div>\n\n<div class=\"fw-row\">\n\t<div class=\"fw-col-xs-12 fw-col-sm-6   \">\n\t<span class=\"unyson-media-image\"><img loading=\"lazy\" decoding=\"async\" src=\"https:\/\/www.ides-electric.ro\/wp-content\/uploads\/2022\/03\/IMG_0634-scaled-1200x800.jpg\" alt=\"https:\/\/www.ides-electric.ro\/wp-content\/uploads\/2022\/03\/IMG_0634-scaled-1200x800.jpg\" width=\"1200\" height=\"800\" \/><\/span><\/div>\n<div class=\"fw-col-xs-12 fw-col-sm-6   \">\n\t<p><strong>iDES Electric<\/strong> este o companie rom\u00e2neasc\u0103 de automatizare \u0219i integrare a sistemelor pentru proiecte complexe prin executarea de aplica\u021bii creative, inovatoare \u0219i eficiente \u00een domeniul electric.<\/p><p>Una dintre valorile noastre este aceea c\u0103\u00a0<strong>oamenii sunt cei mai importan\u021bi \u0219i ne m\u00e2ndrim cu faptul c\u0103<\/strong>\u00a0avem mereu grij\u0103 de echipele noastre, indiferent de perioadele prin care trecem. De aceea, unii dintre colegii no\u0219tri s-au al\u0103turat companiei \u00eenc\u0103 de la \u00eenceputul ei \u0219i au r\u0103mas p\u00e2n\u0103 \u00een prezent, contribu\u021bia lor fiind una esen\u021bial\u0103.<\/p><p><strong>iDES Electric<\/strong> este locul \u00een care un profesionist \u00ee\u0219i va \u00eembun\u0103t\u0103\u021bi mereu cuno\u0219tin\u021bele, va putea inova \u0219i va primi tot sprijinul de care va avea nevoie \u00een a g\u0103si noi solu\u021bii \u0219i a contribui la dezvoltarea durabil\u0103 a companiei.<\/p><\/div>\n<\/div>\n\n<div class=\"fw-row\">\n\t<div class=\"fw-col-xs-12   \">\n\t<div class=\"fw-heading fw-heading-h1 fw-heading-center  fw-heading-w-subtitle  \">\n\t\t\t<h1 style='font-weight:;color:' class='fw-special-title accent-color'><span>Job-uri disponibile<\/span><\/h1>\t\t\t<div class=\"fw-special-subtitle\">Te invit\u0103m s\u0103 ne trimi\u021bi CV-ul pe adresa de e-mail: office@idesgrup.ro, iar noi \u00ee\u021bi vom r\u0103spunde \u00een cel mai scurt timp posibil.<\/div>\n\t<\/div><\/div>\n<\/div>\n\n<div class=\"fw-row\">\n\t<div class=\"fw-col-xs-12   \">\n\t\n\t<div class=\"fw-divider-space\" style=\"margin-top: 20px;\"><\/div>\n\n<\/div>\n<\/div>\n\n<div class=\"fw-row\">\n\t<div class=\"fw-col-xs-12   \">\n\t<div class=\"fw-tabs-container\" id=\"fw-tabs-69e346135c232\">\n\t<div class=\"fw-tabs\">\n\t\t<ul>\n\t\t\t\t\t\t\t<li><a href=\"#fw-tabs-69e346135c232-1\">Proiectant sisteme de automatizare<\/a><\/li>\n\t\t\t\t\t\t\t<li><a href=\"#fw-tabs-69e346135c232-2\">Inginer electric produc\u021bie<\/a><\/li>\n\t\t\t\t\t\t\t<li><a href=\"#fw-tabs-69e346135c232-3\">Electrician montaj echipamente<\/a><\/li>\n\t\t\t\t\t\t\t<li><a href=\"#fw-tabs-69e346135c232-4\">Electrician \u00een instala\u021bii<\/a><\/li>\n\t\t\t\t\t<\/ul>\n\t<\/div>\n\t\t\t<div class=\"fw-tab-content\" id=\"fw-tabs-69e346135c232-1\">\n\t\t\t<p><\/p><p><strong>Departament:<\/strong> <em>proiectare<\/em><br \/><strong>Rolul noului membru al Departamentulului Engineering va fi acela:<\/strong><\/p><ul><li>de a \u00eentocmi ofertele tehnice pe baza cerin\u021belor clien\u021bilor<\/li><li>de a executa schemele tablourilor electrice \u00eentr-un soft specializat<\/li><li>de a realiza programare PLC<\/li><li>de a oferi asisten\u021b\u0103 PIF<\/li><li>de a preg\u0103ti documenta\u021biile tehnice<\/li><li>de a urm\u0103ri statusul ofertelor \u0219i a comenzilor<\/li><li>de a men\u021bine leg\u0103tura cu clien\u021bii;<\/li><\/ul><p><strong>Despre tine Cuno\u0219tin\u021be \u0219i abilit\u0103\u021bi:<\/strong><\/p><ul><li>Cuno\u0219tin\u021be superioare de programare PLC;<\/li><li>Conostinte superioare proiectare Eplan;<\/li><li>Abilit\u0103\u021bi de planificare \u0219i coordonare a activit\u0103\u021bii specifice, precum \u0219i abilitatea de a stabili contacte cu persoanele din exteriorul companiei, \u00een special cu clien\u021bii<\/li><li>Abilit\u0103\u021bi bune de comunicare scris\u0103 \u0219i oral\u0103;<\/li><li>Cuno\u0219tin\u021be avansate pachet office<\/li><li>Abilitatea de a fi orientat c\u0103tre rezultate<\/li><\/ul><p><strong>Educa\u021bie, calific\u0103ri \u0219i certific\u0103ri<\/strong><\/p><ul><li>Studii superioare de specialitate;<\/li><li>Cunoa\u0219terea unei limbi str\u0103ine;<\/li><\/ul><p><strong>Experien\u021b\u0103:<\/strong><\/p><ul><li>Experien\u021b\u0103 \u00een proiectarea tablourilor electrice de automatizare \u0219i \/ sau distribu\u021bie<\/li><li>Experien\u021b\u0103 \u00een domeniu de minim 1 ani;<\/li><\/ul><p><strong>Alte cerin\u021be:<\/strong><\/p><ul><li>Permis de conducere categoria B;<\/li><li>Disponibilitate pentru deplas\u0103ri<\/li><\/ul>\n\t\t<\/div>\n\t\t\t<div class=\"fw-tab-content\" id=\"fw-tabs-69e346135c232-2\">\n\t\t\t<p><\/p><p><strong>Departament:<\/strong>\u00a0<em>produc\u021bie<\/em><br \/><strong>Rolul noului membru al Departamentulului Engineering va fi acela:<\/strong><\/p>\n\t\t<\/div>\n\t\t\t<div class=\"fw-tab-content\" id=\"fw-tabs-69e346135c232-3\">\n\t\t\t<p><\/p><p><strong>Departament:<\/strong>\u00a0<em>produc\u021bie<\/em><br \/><strong>Rolul noului membru al Departamentulului Engineering va fi acela:<\/strong><\/p>\n\t\t<\/div>\n\t\t\t<div class=\"fw-tab-content\" id=\"fw-tabs-69e346135c232-4\">\n\t\t\t<p><\/p><p><strong>Departament:<\/strong> instala\u021bii<br \/><strong>Rolul noului membru al Departamentulului Engineering va fi acela:<\/strong><\/p>\n\t\t<\/div>\n\t<\/div><\/div>\n<\/div>\n\n<div class=\"fw-row\">\n\t<div class=\"fw-col-xs-12   \">\n\t\n\t<div class=\"fw-divider-space\" style=\"margin-top: 50px;\"><\/div>\n\n<\/div>\n<\/div>\n\n\t\t\t\t<\/div>\n\t\t\t<\/div>\n<\/section>\n\n","protected":false},"excerpt":{"rendered":"<p>iDES Electric este o companie rom\u00e2neasc\u0103 de automatizare \u0219i integrare a sistemelor pentru proiecte complexe prin executarea de aplica\u021bii creative, inovatoare \u0219i eficiente \u00een domeniul<span class=\"excerpt-more\"><a href=\"https:\/\/www.ides-electric.ro\/ro\/cariere\/\" class=\"more-link\"> [&hellip;] <span class=\"screen-reader-text\">Cariere<\/span><\/a><\/span><\/p>\n","protected":false},"author":1,"featured_media":0,"parent":0,"menu_order":0,"comment_status":"closed","ping_status":"closed","template":"","meta":{"footnotes":""},"class_list":["post-4269","page","type-page","status-publish","hentry"],"_links":{"self":[{"href":"https:\/\/www.ides-electric.ro\/ro\/wp-json\/wp\/v2\/pages\/4269","targetHints":{"allow":["GET"]}}],"collection":[{"href":"https:\/\/www.ides-electric.ro\/ro\/wp-json\/wp\/v2\/pages"}],"about":[{"href":"https:\/\/www.ides-electric.ro\/ro\/wp-json\/wp\/v2\/types\/page"}],"author":[{"embeddable":true,"href":"https:\/\/www.ides-electric.ro\/ro\/wp-json\/wp\/v2\/users\/1"}],"replies":[{"embeddable":true,"href":"https:\/\/www.ides-electric.ro\/ro\/wp-json\/wp\/v2\/comments?post=4269"}],"version-history":[{"count":40,"href":"https:\/\/www.ides-electric.ro\/ro\/wp-json\/wp\/v2\/pages\/4269\/revisions"}],"predecessor-version":[{"id":4312,"href":"https:\/\/www.ides-electric.ro\/ro\/wp-json\/wp\/v2\/pages\/4269\/revisions\/4312"}],"wp:attachment":[{"href":"https:\/\/www.ides-electric.ro\/ro\/wp-json\/wp\/v2\/media?parent=4269"}],"curies":[{"name":"wp","href":"https:\/\/api.w.org\/{rel}","templated":true}]}}